{"id":991,"date":"2022-12-05T15:19:25","date_gmt":"2022-12-05T18:19:25","guid":{"rendered":"https:\/\/isfd72-bue.infd.edu.ar\/sitio\/?page_id=991"},"modified":"2023-02-06T16:24:38","modified_gmt":"2023-02-06T19:24:38","slug":"sivi","status":"publish","type":"page","link":"https:\/\/isfd72-bue.infd.edu.ar\/sitio\/sivi\/","title":{"rendered":"SIVI"},"content":{"rendered":"\n<p class=\"has-base-3-color has-accent-background-color has-text-color has-background has-medium-font-size\"><strong>SIVI es el sistema inform\u00e1tico-administrativo con el que cuenta el Instituto <\/strong><\/p>\n\n\n\n<blockquote class=\"wp-block-quote has-medium-font-size\">\n<p class=\"has-contrast-color has-base-background-color has-text-color has-background has-medium-font-size\">A trav\u00e9s de SIVI los y las estudiantes se matriculan a las materias, inscriben a los ex\u00e1menes finales y pueden consultar en cualquier momento su historial acad\u00e9mico.<\/p>\n<cite>De la misma manera, los y las docentes pueden visualizar a sus estudiantes y registrar en el sistema la situaci\u00f3n de la cursada. Tambi\u00e9n, durante los ex\u00e1menes finales, ver\u00e1n el d\u00eda, horario, lugar y cantidad de estudiantes que tendr\u00e1n en cada una de las materias en las que tengan participaci\u00f3n como titulares o vocales.<\/cite><\/blockquote>\n\n\n<div class=\"wp-block-image\">\n<figure class=\"aligncenter size-full is-resized\"><img decoding=\"async\" loading=\"lazy\" src=\"https:\/\/isfd72-bue.infd.edu.ar\/sitio\/wp-content\/uploads\/2023\/01\/WhatsApp-Image-2022-10-31-at-20.47.18-2.jpeg\" alt=\"\" class=\"wp-image-1217\" width=\"300\" height=\"485\" srcset=\"https:\/\/isfd72-bue.infd.edu.ar\/sitio\/wp-content\/uploads\/2023\/01\/WhatsApp-Image-2022-10-31-at-20.47.18-2.jpeg 791w, https:\/\/isfd72-bue.infd.edu.ar\/sitio\/wp-content\/uploads\/2023\/01\/WhatsApp-Image-2022-10-31-at-20.47.18-2-618x1000.jpeg 618w, https:\/\/isfd72-bue.infd.edu.ar\/sitio\/wp-content\/uploads\/2023\/01\/WhatsApp-Image-2022-10-31-at-20.47.18-2-768x1243.jpeg 768w\" sizes=\"(max-width: 300px) 100vw, 300px\" \/><figcaption class=\"wp-element-caption\"><strong><em>El sistema SIVI es sustentado por la Asociaci\u00f3n Cooperadora<\/em><\/strong><\/figcaption><\/figure><\/div>\n\n\n<blockquote class=\"wp-block-quote\">\n<figure class=\"wp-block-pullquote has-base-background-color has-background has-medium-font-size\" style=\"border-width:3px;border-radius:100px\"><blockquote><p>Pod\u00e9s ingresar a <a href=\"https:\/\/sivi.com.ar\/entrar\/?next=\/e\/i72\" data-type=\"URL\" data-id=\"https:\/\/sivi.com.ar\/entrar\/?next=\/e\/i72\">SIVI<\/a> desde la computadora o descargando la aplicaci\u00f3n en tu celular<\/p><cite><a href=\"https:\/\/sivi.com.ar\/entrar\/?next=\/e\/i72\" data-type=\"URL\" data-id=\"https:\/\/sivi.com.ar\/entrar\/?next=\/e\/i72\" target=\"_blank\" rel=\"noreferrer noopener\">https:\/\/sivi.com.ar\/entrar\/?next=\/e\/i72<\/a><\/cite><\/blockquote><\/figure>\n<\/blockquote>\n\n\n\n<h2 class=\"has-contrast-color has-contrast-3-background-color has-text-color has-background has-small-font-size wp-block-heading\">TUTORIALES:<\/h2>\n\n\n\n<ul>\n<li><strong>Registro en el sistema para estudiantes:<\/strong> <a href=\"https:\/\/www.youtube.com\/watch?v=vp-dGyHAVYc&amp;ab_channel=PlataformaSIVI\" data-type=\"URL\" data-id=\"https:\/\/www.youtube.com\/watch?v=vp-dGyHAVYc&amp;ab_channel=PlataformaSIVI\" target=\"_blank\" rel=\"noreferrer noopener\">https:\/\/www.youtube.com\/watch?v=<\/a><a href=\"https:\/\/www.youtube.com\/watch?v=vp-dGyHAVYc&amp;ab_channel=PlataformaSIVI\" data-type=\"URL\" data-id=\"https:\/\/www.youtube.com\/watch?v=vp-dGyHAVYc&amp;ab_channel=PlataformaSIVI\">vp-dGyHAVYc&amp;ab_channel=PlataformaSIVI<\/a><\/li>\n\n\n\n<li><strong>Registro en el sistema para docentes: <\/strong><a rel=\"noreferrer noopener\" href=\"https:\/\/www.youtube.com\/watch?v=ZLAX30fqkW4&amp;t=62s&amp;ab_channel=PlataformaSIVI\" data-type=\"URL\" data-id=\"https:\/\/www.youtube.com\/watch?v=ZLAX30fqkW4&amp;t=62s&amp;ab_channel=PlataformaSIVI\" target=\"_blank\">https:\/\/www.youtube.com\/watch?v=ZLAX30fqkW4&amp;t=62s&amp;ab_channel=PlataformaSIVI<\/a><\/li>\n\n\n\n<li><strong>Verificaci\u00f3n del correo electr\u00f3nico: <\/strong><a href=\"https:\/\/www.youtube.com\/watch?v=Jin6JEQ87fQ&amp;ab_channel=PlataformaSIVI\" target=\"_blank\" rel=\"noreferrer noopener\">https:\/\/www.youtube.com\/watch?v=Jin6JEQ87fQ&amp;ab_channel=PlataformaSIVI<\/a><\/li>\n\n\n\n<li><strong>Matriculaci\u00f3n:<\/strong> <a href=\"https:\/\/www.youtube.com\/watch?v=tGpmeshl1Fs&amp;ab_channel=PlataformaSIVI\" target=\"_blank\" rel=\"noreferrer noopener\">https:\/\/www.youtube.com\/watch?v=tGpmeshl1Fs&amp;ab_channel=PlataformaSIVI<\/a><\/li>\n\n\n\n<li><strong>Inscripci\u00f3n a ex\u00e1menes finales: <\/strong><a href=\"https:\/\/www.youtube.com\/watch?v=oJyrHaCQ5so&amp;ab_channel=ZebraSoluciones\" data-type=\"URL\" data-id=\"https:\/\/www.youtube.com\/watch?v=oJyrHaCQ5so&amp;ab_channel=ZebraSoluciones\" target=\"_blank\" rel=\"noreferrer noopener\">https:\/\/www.youtube.com\/watch?v=oJyrHaCQ5so&amp;ab_channel=ZebraSoluciones<\/a><\/li>\n\n\n\n<li><strong>Recuperar contrase\u00f1a: <\/strong><a rel=\"noreferrer noopener\" href=\"https:\/\/www.youtube.com\/watch?v=ydK5Q4x1iE8&amp;ab_channel=PlataformaSIVI\" target=\"_blank\">https:\/\/www.youtube.com\/watch?v=ydK5Q4x1iE8&amp;ab_channel=PlataformaSIVI<\/a><\/li>\n<\/ul>\n","protected":false},"excerpt":{"rendered":"<p>SIVI es el sistema inform\u00e1tico-administrativo con el que cuenta el Instituto A trav\u00e9s de SIVI los y las estudiantes se matriculan a las materias, inscriben a los ex\u00e1menes finales y pueden consultar en cualquier momento su historial acad\u00e9mico. De la misma manera, los y las docentes pueden visualizar a sus estudiantes y registrar en el &#8230; <a title=\"SIVI\" class=\"read-more\" href=\"https:\/\/isfd72-bue.infd.edu.ar\/sitio\/sivi\/\" aria-label=\"More on SIVI\">[+]<\/a><\/p>\n","protected":false},"author":802,"featured_media":0,"parent":0,"menu_order":6,"comment_status":"closed","ping_status":"closed","template":"","meta":[],"acf":[],"_links":{"self":[{"href":"https:\/\/isfd72-bue.infd.edu.ar\/sitio\/wp-json\/wp\/v2\/pages\/991"}],"collection":[{"href":"https:\/\/isfd72-bue.infd.edu.ar\/sitio\/wp-json\/wp\/v2\/pages"}],"about":[{"href":"https:\/\/isfd72-bue.infd.edu.ar\/sitio\/wp-json\/wp\/v2\/types\/page"}],"author":[{"embeddable":true,"href":"https:\/\/isfd72-bue.infd.edu.ar\/sitio\/wp-json\/wp\/v2\/users\/802"}],"replies":[{"embeddable":true,"href":"https:\/\/isfd72-bue.infd.edu.ar\/sitio\/wp-json\/wp\/v2\/comments?post=991"}],"version-history":[{"count":5,"href":"https:\/\/isfd72-bue.infd.edu.ar\/sitio\/wp-json\/wp\/v2\/pages\/991\/revisions"}],"predecessor-version":[{"id":1289,"href":"https:\/\/isfd72-bue.infd.edu.ar\/sitio\/wp-json\/wp\/v2\/pages\/991\/revisions\/1289"}],"wp:attachment":[{"href":"https:\/\/isfd72-bue.infd.edu.ar\/sitio\/wp-json\/wp\/v2\/media?parent=991"}],"curies":[{"name":"wp","href":"https:\/\/api.w.org\/{rel}","templated":true}]}}