{"id":1252,"date":"2023-01-31T23:14:53","date_gmt":"2023-02-01T02:14:53","guid":{"rendered":"https:\/\/isfd72-bue.infd.edu.ar\/sitio\/?page_id=1252"},"modified":"2026-04-01T20:33:54","modified_gmt":"2026-04-01T23:33:54","slug":"preguntas-frecuentes","status":"publish","type":"page","link":"https:\/\/isfd72-bue.infd.edu.ar\/sitio\/personal\/preguntas-frecuentes\/","title":{"rendered":"Preguntas frecuentes"},"content":{"rendered":"\n<p class=\"has-base-3-color has-accent-background-color has-text-color has-background has-medium-font-size\"><strong>Las siguienes son algunas de las preguntas frecuentes que realizan los y las estudiantes<\/strong>:<\/p>\n\n\n\n<h2 class=\"wp-block-heading has-contrast-color has-contrast-3-background-color has-text-color has-background has-small-font-size\">MATRICULACIONES:<\/h2>\n\n\n\n<ul>\n<li><strong>\u00bfQu\u00e9 es la matriculaci\u00f3n y cu\u00e1ndo se realiza?<\/strong>: antes del inicio de las clases se realizar\u00e1 la inscripci\u00f3n a las materias que se desee cursar durante el ciclo lectivo vigente. La misma se llevar\u00e1 a cabo durante el periodo estipulado por el equipo de trabajo del Instituto.<\/li>\n\n\n\n<li><strong>\u00bfC\u00f3mo me matriculo a las materias?: <\/strong>mediante el sistema<a rel=\"noreferrer noopener\" href=\"https:\/\/sivi.com.ar\/entrar\/?next=\/e\/i72\" data-type=\"URL\" data-id=\"https:\/\/sivi.com.ar\/entrar\/?next=\/e\/i72\" target=\"_blank\"> SIVI<\/a> (ver <a rel=\"noreferrer noopener\" href=\"https:\/\/www.youtube.com\/watch?v=tGpmeshl1Fs&amp;ab_channel=PlataformaSIVI\" data-type=\"URL\" data-id=\"https:\/\/www.youtube.com\/watch?v=tGpmeshl1Fs&amp;ab_channel=PlataformaSIVI\" target=\"_blank\">tutorial<\/a>). La misma puede hacerse bajo dos modalidades: <em>presencial<\/em> o <em>libre<\/em>.<\/li>\n\n\n\n<li><strong>\u00bfEn qu\u00e9 consiste la modalidad presencial?<\/strong>: bajo esta condici\u00f3n el\/la estudiante cursar\u00e1 la materia asistiendo a clases presencialmente en los d\u00edas y horarios estipulados. <em>Todas las materias del a\u00f1o pueden cursarse de esta manera.<\/em><\/li>\n\n\n\n<li><strong>\u00bfEn qu\u00e9 consiste la modalidad libre?<\/strong> El estudiante no cursar\u00e1 la materia sino que rendir\u00e1 dir\u00e9ctamente en la mesa de finales con el programa correspondiente. En este caso, se deber\u00e1 aprobar un escrito que le habilitar\u00e1 para rendir el ex\u00e1men oral. Ateneos, pr\u00e1cticas y talleres no pueden ser cursados de manera libre.<\/li>\n<\/ul>\n\n\n\n<h2 class=\"wp-block-heading has-contrast-color has-contrast-3-background-color has-text-color has-background has-small-font-size\">\u00bfQU\u00c9 CONDICIONES NECESITO CUMPLIR PARA APROBAR UNA CURSADA?<\/h2>\n\n\n\n<ul>\n<li><strong>Calificaciones:<\/strong> para aprobar la cursada ser\u00e1 necesario que apruebes dos cuatrimestres, llegando en ambos a lograr una nota igual o mayor a 4. <\/li>\n\n\n\n<li><strong>Asistencia:<\/strong> para aprobar la cursada, independientemente de las calificaciones que hayas logrado, ser\u00e1 necesario que al finalizar la misma hayas obtenido una asistencia igual o mayor al 60% <em>sobre las clas<\/em>es estipuladas para el a\u00f1o calendario. <strong>Importante:<\/strong> <em>en las pr\u00e1cticas profesionalizantes, talleres, seminarios y ateneos el m\u00ednimo de asistencia se eleva al 80% sobre las cla<\/em>ses estipuladas para el a\u00f1o calendario.<\/li>\n<\/ul>\n\n\n\n<h2 class=\"wp-block-heading has-contrast-color has-contrast-3-background-color has-text-color has-background has-small-font-size\">PROMOCIONES:<\/h2>\n\n\n\n<ul>\n<li><strong>\u00bfQu\u00e9 es una materia promocional?<\/strong>: En las materias por promoci\u00f3n no es necesario que rindas el ex\u00e1men final.<\/li>\n\n\n\n<li><strong>\u00bfTodas las materias pueden ser por promoci\u00f3n?<\/strong> No, el nuevo RAM prescribe un 70% del total de las materias de la carrera.<\/li>\n\n\n\n<li><strong>\u00bfQu\u00e9 condiciones debo cumplir para promocionar una materia?<\/strong> En este caso el m\u00ednimo de la calificaci\u00f3n final de la cursada para promocionar es 7 (siete). Tal calificaci\u00f3n debe obtenerse en todas las instancias evaluativas. En caso de haber logrado una calificaci\u00f3n de 4 a 6 igualmente aprobar\u00e1s la cursada, pero deber\u00e1s rendir el final correspondiente.<\/li>\n\n\n\n<li><strong>\u00bfSi promocion\u00e9 la materia me debo inscribir al ex\u00e1men final?<\/strong> Aunque no rendir\u00e1s el ex\u00e1men, <strong><em>igualmente deber\u00e1s inscribirte<\/em><\/strong> en la mesa correspondiente, para que pueda realizarse el acto administrativo en el cual el\/la docente volcar\u00e1 tu calificaci\u00f3n en las actas volante y el personal administrativo cargue tu nota en el sistema.<\/li>\n<\/ul>\n\n\n\n<h2 class=\"wp-block-heading has-contrast-color has-contrast-3-background-color has-text-color has-background has-small-font-size\">EX\u00c1MENES FINALES (VER APARTADO EN EL MEN\u00da CORRESPONDIENTE)<\/h2>\n","protected":false},"excerpt":{"rendered":"<p>Las siguienes son algunas de las preguntas frecuentes que realizan los y las estudiantes: MATRICULACIONES: \u00bfQU\u00c9 CONDICIONES NECESITO CUMPLIR PARA APROBAR UNA CURSADA? PROMOCIONES: EX\u00c1MENES FINALES (VER APARTADO EN EL MEN\u00da CORRESPONDIENTE)<\/p>\n","protected":false},"author":802,"featured_media":0,"parent":983,"menu_order":7,"comment_status":"closed","ping_status":"closed","template":"","meta":[],"acf":[],"_links":{"self":[{"href":"https:\/\/isfd72-bue.infd.edu.ar\/sitio\/wp-json\/wp\/v2\/pages\/1252"}],"collection":[{"href":"https:\/\/isfd72-bue.infd.edu.ar\/sitio\/wp-json\/wp\/v2\/pages"}],"about":[{"href":"https:\/\/isfd72-bue.infd.edu.ar\/sitio\/wp-json\/wp\/v2\/types\/page"}],"author":[{"embeddable":true,"href":"https:\/\/isfd72-bue.infd.edu.ar\/sitio\/wp-json\/wp\/v2\/users\/802"}],"replies":[{"embeddable":true,"href":"https:\/\/isfd72-bue.infd.edu.ar\/sitio\/wp-json\/wp\/v2\/comments?post=1252"}],"version-history":[{"count":6,"href":"https:\/\/isfd72-bue.infd.edu.ar\/sitio\/wp-json\/wp\/v2\/pages\/1252\/revisions"}],"predecessor-version":[{"id":1404,"href":"https:\/\/isfd72-bue.infd.edu.ar\/sitio\/wp-json\/wp\/v2\/pages\/1252\/revisions\/1404"}],"up":[{"embeddable":true,"href":"https:\/\/isfd72-bue.infd.edu.ar\/sitio\/wp-json\/wp\/v2\/pages\/983"}],"wp:attachment":[{"href":"https:\/\/isfd72-bue.infd.edu.ar\/sitio\/wp-json\/wp\/v2\/media?parent=1252"}],"curies":[{"name":"wp","href":"https:\/\/api.w.org\/{rel}","templated":true}]}}