{"id":1127,"date":"2023-01-26T23:06:20","date_gmt":"2023-01-27T02:06:20","guid":{"rendered":"https:\/\/isfd72-bue.infd.edu.ar\/sitio\/?page_id=1127"},"modified":"2025-04-03T22:20:37","modified_gmt":"2025-04-04T01:20:37","slug":"documentos-importantes","status":"publish","type":"page","link":"https:\/\/isfd72-bue.infd.edu.ar\/sitio\/ingresantes\/documentos-importantes\/","title":{"rendered":"Documentos importantes"},"content":{"rendered":"\n<p class=\"has-base-3-color has-accent-background-color has-text-color has-background has-medium-font-size\"><strong>Para conocer tus derechos y obligaciones en el nivel superior es fundamental que puedas tener presente los siguientes documentos<\/strong><\/p>\n\n\n\n<h2 class=\"wp-block-heading has-contrast-3-background-color has-background has-small-font-size\">R\u00c9GIMEN ACAD\u00c9MICO DEL NIVEL SUPERIOR:<\/h2>\n\n\n\n<div class=\"wp-block-file\"><object class=\"wp-block-file__embed\" data=\"https:\/\/isfd72-bue.infd.edu.ar\/sitio\/wp-content\/uploads\/2025\/04\/Regimen-Academico-Nivel-Superior-R.4196_24-1.pdf\" type=\"application\/pdf\" style=\"width:100%;height:600px\" aria-label=\"Incrustado de Regimen-Academico-Nivel-Superior-R.4196_24-1.\"><\/object><a id=\"wp-block-file--media-bf9a5e2b-e572-4495-896d-5d44729e58c6\" href=\"https:\/\/isfd72-bue.infd.edu.ar\/sitio\/wp-content\/uploads\/2025\/04\/Regimen-Academico-Nivel-Superior-R.4196_24-1.pdf\">Regimen-Academico-Nivel-Superior-R.4196_24-1<\/a><a href=\"https:\/\/isfd72-bue.infd.edu.ar\/sitio\/wp-content\/uploads\/2025\/04\/Regimen-Academico-Nivel-Superior-R.4196_24-1.pdf\" class=\"wp-block-file__button wp-element-button\" download aria-describedby=\"wp-block-file--media-bf9a5e2b-e572-4495-896d-5d44729e58c6\">Descarga<\/a><\/div>\n\n\n\n<h2 class=\"wp-block-heading has-contrast-color has-contrast-3-background-color has-text-color has-background has-small-font-size\">RESOLUCI\u00d3N CENTRO DE ESTUDIANTES<\/h2>\n\n\n\n<div class=\"wp-block-file\"><object class=\"wp-block-file__embed\" data=\"https:\/\/isfd72-bue.infd.edu.ar\/sitio\/wp-content\/uploads\/2023\/01\/Resolucion-Centro-de-Estudiantes-1.pdf\" type=\"application\/pdf\" style=\"width:100%;height:600px\" aria-label=\"Incrustado de Resolucion-Centro-de-Estudiantes-1.\"><\/object><a id=\"wp-block-file--media-2c1c6979-670d-4cb6-aabf-250696bd9c5c\" href=\"https:\/\/isfd72-bue.infd.edu.ar\/sitio\/wp-content\/uploads\/2023\/01\/Resolucion-Centro-de-Estudiantes-1.pdf\">Resolucion-Centro-de-Estudiantes-1<\/a><a href=\"https:\/\/isfd72-bue.infd.edu.ar\/sitio\/wp-content\/uploads\/2023\/01\/Resolucion-Centro-de-Estudiantes-1.pdf\" class=\"wp-block-file__button wp-element-button\" download aria-describedby=\"wp-block-file--media-2c1c6979-670d-4cb6-aabf-250696bd9c5c\">Descarga<\/a><\/div>\n\n\n\n<h2 class=\"wp-block-heading has-contrast-color has-contrast-3-background-color has-text-color has-background has-small-font-size\">RESOLUCI\u00d3N CONSEJO ACAD\u00c9MICO INSTITUCIONAL<\/h2>\n\n\n\n<div class=\"wp-block-file\"><object class=\"wp-block-file__embed\" data=\"https:\/\/isfd72-bue.infd.edu.ar\/sitio\/wp-content\/uploads\/2023\/01\/Resolucion-C.A.I-1.pdf\" type=\"application\/pdf\" style=\"width:100%;height:600px\" aria-label=\"Incrustado de Resolucion-C.A.I-1.\"><\/object><a id=\"wp-block-file--media-13f5b4d3-378d-4761-ad94-3548d8b51785\" href=\"https:\/\/isfd72-bue.infd.edu.ar\/sitio\/wp-content\/uploads\/2023\/01\/Resolucion-C.A.I-1.pdf\">Resolucion-C.A.I-1<\/a><a href=\"https:\/\/isfd72-bue.infd.edu.ar\/sitio\/wp-content\/uploads\/2023\/01\/Resolucion-C.A.I-1.pdf\" class=\"wp-block-file__button wp-element-button\" download aria-describedby=\"wp-block-file--media-13f5b4d3-378d-4761-ad94-3548d8b51785\">Descarga<\/a><\/div>\n","protected":false},"excerpt":{"rendered":"<p>Para conocer tus derechos y obligaciones en el nivel superior es fundamental que puedas tener presente los siguientes documentos R\u00c9GIMEN ACAD\u00c9MICO DEL NIVEL SUPERIOR: RESOLUCI\u00d3N CENTRO DE ESTUDIANTES RESOLUCI\u00d3N CONSEJO ACAD\u00c9MICO INSTITUCIONAL<\/p>\n","protected":false},"author":802,"featured_media":0,"parent":997,"menu_order":3,"comment_status":"closed","ping_status":"closed","template":"","meta":[],"acf":[],"_links":{"self":[{"href":"https:\/\/isfd72-bue.infd.edu.ar\/sitio\/wp-json\/wp\/v2\/pages\/1127"}],"collection":[{"href":"https:\/\/isfd72-bue.infd.edu.ar\/sitio\/wp-json\/wp\/v2\/pages"}],"about":[{"href":"https:\/\/isfd72-bue.infd.edu.ar\/sitio\/wp-json\/wp\/v2\/types\/page"}],"author":[{"embeddable":true,"href":"https:\/\/isfd72-bue.infd.edu.ar\/sitio\/wp-json\/wp\/v2\/users\/802"}],"replies":[{"embeddable":true,"href":"https:\/\/isfd72-bue.infd.edu.ar\/sitio\/wp-json\/wp\/v2\/comments?post=1127"}],"version-history":[{"count":3,"href":"https:\/\/isfd72-bue.infd.edu.ar\/sitio\/wp-json\/wp\/v2\/pages\/1127\/revisions"}],"predecessor-version":[{"id":1338,"href":"https:\/\/isfd72-bue.infd.edu.ar\/sitio\/wp-json\/wp\/v2\/pages\/1127\/revisions\/1338"}],"up":[{"embeddable":true,"href":"https:\/\/isfd72-bue.infd.edu.ar\/sitio\/wp-json\/wp\/v2\/pages\/997"}],"wp:attachment":[{"href":"https:\/\/isfd72-bue.infd.edu.ar\/sitio\/wp-json\/wp\/v2\/media?parent=1127"}],"curies":[{"name":"wp","href":"https:\/\/api.w.org\/{rel}","templated":true}]}}