{"id":1099,"date":"2023-01-18T15:46:41","date_gmt":"2023-01-18T18:46:41","guid":{"rendered":"https:\/\/isfd72-bue.infd.edu.ar\/sitio\/?page_id=1099"},"modified":"2025-04-04T20:08:21","modified_gmt":"2025-04-04T23:08:21","slug":"curso-inicial","status":"publish","type":"page","link":"https:\/\/isfd72-bue.infd.edu.ar\/sitio\/ingresantes\/curso-inicial\/","title":{"rendered":"Primeras Actividades"},"content":{"rendered":"\n<p class=\"has-base-3-color has-accent-background-color has-text-color has-background has-medium-font-size\"><em>Todos los a\u00f1os, durante las primeras semanas del ciclo lectivo, los y las ingresantes del Instituto asisten a diferentes actividades que hacen al reconocimiento del nivel, de la din\u00e1mica en la Instituci\u00f3n as\u00ed como el establecimiento de los primeros contactos con sus compa\u00f1eros\/as y docentes.<\/em><\/p>\n\n\n\n<ul>\n<li><strong>Algunas de las actividades que all\u00ed se realizan consisten en:<\/strong> \n<ul>\n<li>Acto de Inicio del Ciclo Lectivo.<\/li>\n\n\n\n<li>Charlas de recibimiento por parte de autoridades y administrativos.<\/li>\n\n\n\n<li>Reconocimiento del instituto en sus diferentes sedes.<\/li>\n\n\n\n<li>Primeros acercamientos con docentes y estudiantes.<\/li>\n\n\n\n<li>Actividades a cargo del Centro de Estudiantes.<\/li>\n<\/ul>\n\n\n\n<ul>\n<li>Presentaci\u00f3n de los diferentes sistemas\/p\u00e1ginas con las que cuenta el Instituto: <a href=\"https:\/\/sivi.com.ar\/entrar\/?next=\/e\/i72\/\" data-type=\"URL\" data-id=\"https:\/\/sivi.com.ar\/entrar\/?next=\/e\/i72\/\">SIVI<\/a> y <a href=\"https:\/\/isfd72-bue.infd.edu.ar\/aula\/acceso.cgi\" data-type=\"URL\" data-id=\"https:\/\/isfd72-bue.infd.edu.ar\/aula\/acceso.cgi\">Campus Virtual<\/a>.<\/li>\n\n\n\n<li>Incorporaci\u00f3n a los grupos por carrera en Whatsapp.<\/li>\n\n\n\n<li>Reconocimiento de la carrera, planes de estudios, correlatividades, etc.<\/li>\n\n\n\n<li>Actividades recreativas.<\/li>\n<\/ul>\n<\/li>\n<\/ul>\n\n\n\n<blockquote class=\"wp-block-quote\" style=\"font-style:italic;font-weight:400\">\n<p class=\"has-base-background-color has-background\"><em><strong>Importante: la <\/strong><\/em><strong>mayor\u00eda de las actividades propuestas revisten un car\u00e1cter obligatorio en su asistencia.<\/strong><\/p>\n<cite>Quedan exceptuados\/as graduados\/as de otras carreras en nuestro instituto as\u00ed como estudiantes actuales que ya hayan realizado las mismas. <strong>Se recomienda igualmente la participaci\u00f3n en<\/strong> <strong>ellas debido a posibles actualizaciones de la informaci\u00f3n.<\/strong><\/cite><\/blockquote>\n","protected":false},"excerpt":{"rendered":"<p>Todos los a\u00f1os, durante las primeras semanas del ciclo lectivo, los y las ingresantes del Instituto asisten a diferentes actividades que hacen al reconocimiento del nivel, de la din\u00e1mica en la Instituci\u00f3n as\u00ed como el establecimiento de los primeros contactos con sus compa\u00f1eros\/as y docentes. Importante: la mayor\u00eda de las actividades propuestas revisten un car\u00e1cter &#8230; <a title=\"Primeras Actividades\" class=\"read-more\" href=\"https:\/\/isfd72-bue.infd.edu.ar\/sitio\/ingresantes\/curso-inicial\/\" aria-label=\"More on Primeras Actividades\">[+]<\/a><\/p>\n","protected":false},"author":802,"featured_media":0,"parent":997,"menu_order":2,"comment_status":"closed","ping_status":"closed","template":"","meta":[],"acf":[],"_links":{"self":[{"href":"https:\/\/isfd72-bue.infd.edu.ar\/sitio\/wp-json\/wp\/v2\/pages\/1099"}],"collection":[{"href":"https:\/\/isfd72-bue.infd.edu.ar\/sitio\/wp-json\/wp\/v2\/pages"}],"about":[{"href":"https:\/\/isfd72-bue.infd.edu.ar\/sitio\/wp-json\/wp\/v2\/types\/page"}],"author":[{"embeddable":true,"href":"https:\/\/isfd72-bue.infd.edu.ar\/sitio\/wp-json\/wp\/v2\/users\/802"}],"replies":[{"embeddable":true,"href":"https:\/\/isfd72-bue.infd.edu.ar\/sitio\/wp-json\/wp\/v2\/comments?post=1099"}],"version-history":[{"count":4,"href":"https:\/\/isfd72-bue.infd.edu.ar\/sitio\/wp-json\/wp\/v2\/pages\/1099\/revisions"}],"predecessor-version":[{"id":1355,"href":"https:\/\/isfd72-bue.infd.edu.ar\/sitio\/wp-json\/wp\/v2\/pages\/1099\/revisions\/1355"}],"up":[{"embeddable":true,"href":"https:\/\/isfd72-bue.infd.edu.ar\/sitio\/wp-json\/wp\/v2\/pages\/997"}],"wp:attachment":[{"href":"https:\/\/isfd72-bue.infd.edu.ar\/sitio\/wp-json\/wp\/v2\/media?parent=1099"}],"curies":[{"name":"wp","href":"https:\/\/api.w.org\/{rel}","templated":true}]}}