{"id":1020,"date":"2022-12-05T15:57:13","date_gmt":"2022-12-05T18:57:13","guid":{"rendered":"https:\/\/isfd72-bue.infd.edu.ar\/sitio\/?page_id=1020"},"modified":"2026-04-01T20:28:48","modified_gmt":"2026-04-01T23:28:48","slug":"centro-de-estudiantes","status":"publish","type":"page","link":"https:\/\/isfd72-bue.infd.edu.ar\/sitio\/personal\/centro-de-estudiantes\/","title":{"rendered":"Centro de Estudiantes"},"content":{"rendered":"\n<p class=\"has-base-2-color has-accent-background-color has-text-color has-background has-medium-font-size\"><strong>Organizarse es un derecho de los y las estudiantes.<\/strong><\/p>\n\n\n\n<ul>\n<li><strong>En este momento el Instituto  cuenta con un Centro de Estudiantes, que en los pr\u00f3ximos meses deber\u00e1 renovarse. A continuaci\u00f3n dejamos la <em>resoluci\u00f3n 4900\/05<\/em> para quienes quieran tomar la posta y liderar su conformaci\u00f3n y organizaci\u00f3n:<\/strong><\/li>\n<\/ul>\n\n\n\n<div class=\"wp-block-file\"><object class=\"wp-block-file__embed\" data=\"https:\/\/isfd72-bue.infd.edu.ar\/sitio\/wp-content\/uploads\/2023\/01\/Resolucion-Centro-de-Estudiantes.pdf\" type=\"application\/pdf\" style=\"width:100%;height:600px\" aria-label=\"Incrustado de Resolucion-Centro-de-Estudiantes.\"><\/object><a id=\"wp-block-file--media-42485edf-478e-4f30-977f-c1fc25906920\" href=\"https:\/\/isfd72-bue.infd.edu.ar\/sitio\/wp-content\/uploads\/2023\/01\/Resolucion-Centro-de-Estudiantes.pdf\">Resolucion-Centro-de-Estudiantes<\/a><a href=\"https:\/\/isfd72-bue.infd.edu.ar\/sitio\/wp-content\/uploads\/2023\/01\/Resolucion-Centro-de-Estudiantes.pdf\" class=\"wp-block-file__button wp-element-button\" download aria-describedby=\"wp-block-file--media-42485edf-478e-4f30-977f-c1fc25906920\">Descarga<\/a><\/div>\n","protected":false},"excerpt":{"rendered":"<p>Organizarse es un derecho de los y las estudiantes.<\/p>\n","protected":false},"author":802,"featured_media":0,"parent":983,"menu_order":3,"comment_status":"closed","ping_status":"closed","template":"","meta":[],"acf":[],"_links":{"self":[{"href":"https:\/\/isfd72-bue.infd.edu.ar\/sitio\/wp-json\/wp\/v2\/pages\/1020"}],"collection":[{"href":"https:\/\/isfd72-bue.infd.edu.ar\/sitio\/wp-json\/wp\/v2\/pages"}],"about":[{"href":"https:\/\/isfd72-bue.infd.edu.ar\/sitio\/wp-json\/wp\/v2\/types\/page"}],"author":[{"embeddable":true,"href":"https:\/\/isfd72-bue.infd.edu.ar\/sitio\/wp-json\/wp\/v2\/users\/802"}],"replies":[{"embeddable":true,"href":"https:\/\/isfd72-bue.infd.edu.ar\/sitio\/wp-json\/wp\/v2\/comments?post=1020"}],"version-history":[{"count":5,"href":"https:\/\/isfd72-bue.infd.edu.ar\/sitio\/wp-json\/wp\/v2\/pages\/1020\/revisions"}],"predecessor-version":[{"id":1402,"href":"https:\/\/isfd72-bue.infd.edu.ar\/sitio\/wp-json\/wp\/v2\/pages\/1020\/revisions\/1402"}],"up":[{"embeddable":true,"href":"https:\/\/isfd72-bue.infd.edu.ar\/sitio\/wp-json\/wp\/v2\/pages\/983"}],"wp:attachment":[{"href":"https:\/\/isfd72-bue.infd.edu.ar\/sitio\/wp-json\/wp\/v2\/media?parent=1020"}],"curies":[{"name":"wp","href":"https:\/\/api.w.org\/{rel}","templated":true}]}}