{"id":1018,"date":"2022-12-05T15:56:05","date_gmt":"2022-12-05T18:56:05","guid":{"rendered":"https:\/\/isfd72-bue.infd.edu.ar\/sitio\/?page_id=1018"},"modified":"2025-04-04T19:59:45","modified_gmt":"2025-04-04T22:59:45","slug":"programas","status":"publish","type":"page","link":"https:\/\/isfd72-bue.infd.edu.ar\/sitio\/personal\/programas\/","title":{"rendered":"Mesas de ex\u00e1menes"},"content":{"rendered":"\n<p class=\"has-base-3-color has-accent-background-color has-text-color has-background has-medium-font-size\"><strong>En base al R\u00e9gimen Acad\u00e9mico del nivel Superior, las mesas de ex\u00e1menes finales en nuestro instituto presentan las siguientes caracter\u00edsticas.<\/strong><\/p>\n\n\n\n<ul>\n<li><strong>Durante el a\u00f1o se llevan a cabo tres llamados<em>, con suspensi\u00f3n de clases<\/em>:<\/strong><\/li>\n<\/ul>\n\n\n\n<div class=\"wp-block-columns is-layout-flex wp-container-4\">\n<div class=\"wp-block-column is-layout-flow\">\n<p class=\"has-text-align-center has-base-3-color has-contrast-2-background-color has-text-color has-background\"><strong><em>FEBRERO-MARZO<\/em><\/strong><\/p>\n\n\n\n<p><\/p>\n<\/div>\n\n\n\n<div class=\"wp-block-column is-layout-flow\">\n<p class=\"has-text-align-center has-base-3-color has-contrast-2-background-color has-text-color has-background\"><strong><em>AGOSTO<\/em><\/strong><\/p>\n<\/div>\n\n\n\n<div class=\"wp-block-column is-layout-flow\">\n<p class=\"has-text-align-center has-base-3-color has-contrast-2-background-color has-text-color has-background\"><strong><em>NOVIEMBRE-DICIEMBRE<\/em><\/strong><\/p>\n<\/div>\n<\/div>\n\n\n\n<blockquote class=\"wp-block-quote\">\n<p>En los tres casos el nuevo r\u00e9gimen acad\u00e9mico estipula que se podr\u00e1n rendir materias cursadas en condici\u00f3n de \u00ablibre\u00bb, asimismo, los tres llamados cuentan con un solo turno para asistir a la comisi\u00f3n evaluadora.<\/p>\n<cite>Tambi\u00e9n se a\u00f1ade la posibilidad de rendir en turnos extraordinarios (mayo o septiembre) sin suspensi\u00f3n de clases, <strong>s\u00f3lo para<\/strong> <strong>estudiantes<\/strong> <strong>que adeuden la \u00faltima unidad curricular de su carrera. <\/strong>La mesa deber\u00e1 ser solicitada por la o el estudiante en cuesti\u00f3n al equipo directivo.<\/cite><\/blockquote>\n\n\n\n<p class=\"has-contrast-color has-base-background-color has-text-color has-background has-medium-font-size\">La inscripci\u00f3n a los finales se realiza a trav\u00e9s de la p\u00e1gina\/aplicaci\u00f3n <a rel=\"noreferrer noopener\" href=\"https:\/\/sivi.com.ar\/entrar\/?next=\/e\/i72\/\" data-type=\"URL\" data-id=\"https:\/\/sivi.com.ar\/entrar\/?next=\/e\/i72\/\" target=\"_blank\"><strong>SIVI<\/strong><\/a> en las fechas oportunamente informadas por el equipo administrativo. <\/p>\n\n\n\n<ul>\n<li><strong>\u00bfC\u00f3mo inscribirse a un ex\u00e1men en SIVI?<\/strong><\/li>\n<\/ul>\n\n\n\n<figure class=\"wp-block-embed is-type-video is-provider-youtube wp-block-embed-youtube wp-embed-aspect-16-9 wp-has-aspect-ratio\"><div class=\"wp-block-embed__wrapper\">\n<iframe loading=\"lazy\" title=\"SIVI - \u00bfC\u00f3mo me anoto en un examen?\" width=\"1200\" height=\"675\" src=\"https:\/\/www.youtube.com\/embed\/oJyrHaCQ5so?feature=oembed\" frameborder=\"0\" allow=\"accelerometer; autoplay; clipboard-write; encrypted-media; gyroscope; picture-in-picture; web-share\" referrerpolicy=\"strict-origin-when-cross-origin\" allowfullscreen><\/iframe>\n<\/div><\/figure>\n","protected":false},"excerpt":{"rendered":"<p>En base al R\u00e9gimen Acad\u00e9mico del nivel Superior, las mesas de ex\u00e1menes finales en nuestro instituto presentan las siguientes caracter\u00edsticas. FEBRERO-MARZO AGOSTO NOVIEMBRE-DICIEMBRE En los tres casos el nuevo r\u00e9gimen acad\u00e9mico estipula que se podr\u00e1n rendir materias cursadas en condici\u00f3n de \u00ablibre\u00bb, asimismo, los tres llamados cuentan con un solo turno para asistir a la &#8230; <a title=\"Mesas de ex\u00e1menes\" class=\"read-more\" href=\"https:\/\/isfd72-bue.infd.edu.ar\/sitio\/personal\/programas\/\" aria-label=\"More on Mesas de ex\u00e1menes\">[+]<\/a><\/p>\n","protected":false},"author":802,"featured_media":0,"parent":983,"menu_order":3,"comment_status":"closed","ping_status":"closed","template":"","meta":[],"acf":[],"_links":{"self":[{"href":"https:\/\/isfd72-bue.infd.edu.ar\/sitio\/wp-json\/wp\/v2\/pages\/1018"}],"collection":[{"href":"https:\/\/isfd72-bue.infd.edu.ar\/sitio\/wp-json\/wp\/v2\/pages"}],"about":[{"href":"https:\/\/isfd72-bue.infd.edu.ar\/sitio\/wp-json\/wp\/v2\/types\/page"}],"author":[{"embeddable":true,"href":"https:\/\/isfd72-bue.infd.edu.ar\/sitio\/wp-json\/wp\/v2\/users\/802"}],"replies":[{"embeddable":true,"href":"https:\/\/isfd72-bue.infd.edu.ar\/sitio\/wp-json\/wp\/v2\/comments?post=1018"}],"version-history":[{"count":12,"href":"https:\/\/isfd72-bue.infd.edu.ar\/sitio\/wp-json\/wp\/v2\/pages\/1018\/revisions"}],"predecessor-version":[{"id":1350,"href":"https:\/\/isfd72-bue.infd.edu.ar\/sitio\/wp-json\/wp\/v2\/pages\/1018\/revisions\/1350"}],"up":[{"embeddable":true,"href":"https:\/\/isfd72-bue.infd.edu.ar\/sitio\/wp-json\/wp\/v2\/pages\/983"}],"wp:attachment":[{"href":"https:\/\/isfd72-bue.infd.edu.ar\/sitio\/wp-json\/wp\/v2\/media?parent=1018"}],"curies":[{"name":"wp","href":"https:\/\/api.w.org\/{rel}","templated":true}]}}