{"id":1016,"date":"2022-12-05T15:55:34","date_gmt":"2022-12-05T18:55:34","guid":{"rendered":"https:\/\/isfd72-bue.infd.edu.ar\/sitio\/?page_id=1016"},"modified":"2025-04-04T19:48:51","modified_gmt":"2025-04-04T22:48:51","slug":"pases","status":"publish","type":"page","link":"https:\/\/isfd72-bue.infd.edu.ar\/sitio\/personal\/pases\/","title":{"rendered":"Pases"},"content":{"rendered":"\n<p class=\"has-base-2-color has-accent-background-color has-text-color has-background has-medium-font-size\"><strong>\u00bfC\u00f3mo solicitar un pase<\/strong> <strong>de un Instituto superior a otro?<\/strong><\/p>\n\n\n\n<ul>\n<li>Para solicitar el pase desde otro instituto de nivel superior, el solicitante deber\u00e1 enviar una nota dirigida a la directora  de la instituci\u00f3n receptora para iniciar el tr\u00e1mite <strong>(se adjunta modelo abajo)<\/strong>. Adem\u00e1s deber\u00e1 presentar:<\/li>\n<\/ul>\n\n\n\n<ol>\n<li>Constancia que acredite su condici\u00f3n de estudiante de la carrera e instituto del que proviene.<\/li>\n\n\n\n<li>Constancia de la acreditaci\u00f3n total de las unidades curriculares con detalle de las fechas de acreditaci\u00f3n, libro y folio de registro, Carrera y Resoluci\u00f3n de la Provincia de Buenos Aires.<\/li>\n\n\n\n<li>Fecha de aprobaci\u00f3n de las unidades curriculares cursadas, de las cuales adeuda acreditaci\u00f3n.<\/li>\n\n\n\n<li>Situaci\u00f3n acad\u00e9mica de las unidades curriculares en curso con asistencia e informe acad\u00e9mico al momento del pase.<\/li>\n\n\n\n<li>Original del Legajo (quedando una copia en el Instituto de origen).<\/li>\n<\/ol>\n\n\n\n<div class=\"wp-block-file\"><a id=\"wp-block-file--media-3392eb29-4783-4e9c-95b0-ffa7a7a6ed37\" href=\"https:\/\/isfd72-bue.infd.edu.ar\/sitio\/wp-content\/uploads\/2025\/04\/Modelo-Solicitud-de-pase-2.docx\">Modelo-Solicitud-de-pase-2<\/a><a href=\"https:\/\/isfd72-bue.infd.edu.ar\/sitio\/wp-content\/uploads\/2025\/04\/Modelo-Solicitud-de-pase-2.docx\" class=\"wp-block-file__button wp-element-button\" download aria-describedby=\"wp-block-file--media-3392eb29-4783-4e9c-95b0-ffa7a7a6ed37\">Descarga<\/a><\/div>\n","protected":false},"excerpt":{"rendered":"<p>\u00bfC\u00f3mo solicitar un pase de un Instituto superior a otro?<\/p>\n","protected":false},"author":802,"featured_media":0,"parent":983,"menu_order":1,"comment_status":"closed","ping_status":"closed","template":"","meta":[],"acf":[],"_links":{"self":[{"href":"https:\/\/isfd72-bue.infd.edu.ar\/sitio\/wp-json\/wp\/v2\/pages\/1016"}],"collection":[{"href":"https:\/\/isfd72-bue.infd.edu.ar\/sitio\/wp-json\/wp\/v2\/pages"}],"about":[{"href":"https:\/\/isfd72-bue.infd.edu.ar\/sitio\/wp-json\/wp\/v2\/types\/page"}],"author":[{"embeddable":true,"href":"https:\/\/isfd72-bue.infd.edu.ar\/sitio\/wp-json\/wp\/v2\/users\/802"}],"replies":[{"embeddable":true,"href":"https:\/\/isfd72-bue.infd.edu.ar\/sitio\/wp-json\/wp\/v2\/comments?post=1016"}],"version-history":[{"count":5,"href":"https:\/\/isfd72-bue.infd.edu.ar\/sitio\/wp-json\/wp\/v2\/pages\/1016\/revisions"}],"predecessor-version":[{"id":1348,"href":"https:\/\/isfd72-bue.infd.edu.ar\/sitio\/wp-json\/wp\/v2\/pages\/1016\/revisions\/1348"}],"up":[{"embeddable":true,"href":"https:\/\/isfd72-bue.infd.edu.ar\/sitio\/wp-json\/wp\/v2\/pages\/983"}],"wp:attachment":[{"href":"https:\/\/isfd72-bue.infd.edu.ar\/sitio\/wp-json\/wp\/v2\/media?parent=1016"}],"curies":[{"name":"wp","href":"https:\/\/api.w.org\/{rel}","templated":true}]}}