{"id":1005,"date":"2022-12-05T15:28:16","date_gmt":"2022-12-05T18:28:16","guid":{"rendered":"https:\/\/isfd72-bue.infd.edu.ar\/sitio\/?page_id=1005"},"modified":"2023-01-18T15:20:14","modified_gmt":"2023-01-18T18:20:14","slug":"consejo-academico-institucional","status":"publish","type":"page","link":"https:\/\/isfd72-bue.infd.edu.ar\/sitio\/blog\/consejo-academico-institucional\/","title":{"rendered":"Consejo Acad\u00e9mico Institucional"},"content":{"rendered":"\n<p class=\"has-base-3-color has-accent-background-color has-text-color has-background has-medium-font-size\"><strong>El Instituto cuenta con un Consejo Acad\u00e9mico Institucional (C.A.I.)<\/strong><\/p>\n\n\n\n<blockquote class=\"wp-block-quote\">\n<p class=\"has-base-3-color has-contrast-2-background-color has-text-color has-background has-medium-font-size\"><em>El Consejo Acad\u00e9mico Institucional (C.A.I) es un organismo en el que todos los claustros (docentes, estudiantes, auxiliares) tienen participaci\u00f3n efectiva para mejorar el funcionamiento acad\u00e9mico de la instituci\u00f3n. En este sentido, es necesaria la participaci\u00f3n y las voces de todos. Se trata de una oportunidad para el di\u00e1logo, el debate, la presentaci\u00f3n de propuestas, la soluci\u00f3n conjunta de conflictos y la posibilidad de contribuir a la calidad educativa.<\/em><\/p>\n<cite><strong>Resoluci\u00f3n 4044\/09<\/strong><\/cite><\/blockquote>\n\n\n\n<p><\/p>\n\n\n<div class=\"wp-block-image\">\n<figure class=\"aligncenter size-large\"><img decoding=\"async\" loading=\"lazy\" width=\"1900\" height=\"1069\" src=\"https:\/\/isfd72-bue.infd.edu.ar\/sitio\/wp-content\/uploads\/2023\/01\/4-1-1900x1069.png\" alt=\"\" class=\"wp-image-1074\" srcset=\"https:\/\/isfd72-bue.infd.edu.ar\/sitio\/wp-content\/uploads\/2023\/01\/4-1-1900x1069.png 1900w, https:\/\/isfd72-bue.infd.edu.ar\/sitio\/wp-content\/uploads\/2023\/01\/4-1-1000x563.png 1000w, https:\/\/isfd72-bue.infd.edu.ar\/sitio\/wp-content\/uploads\/2023\/01\/4-1-768x432.png 768w, https:\/\/isfd72-bue.infd.edu.ar\/sitio\/wp-content\/uploads\/2023\/01\/4-1-1536x864.png 1536w, https:\/\/isfd72-bue.infd.edu.ar\/sitio\/wp-content\/uploads\/2023\/01\/4-1.png 1920w\" sizes=\"(max-width: 1900px) 100vw, 1900px\" \/><figcaption class=\"wp-element-caption\"><strong><em>Las \u00faltimas elecciones para la renovaci\u00f3n total del C.A.I. se llevaron a cabo en octubre del 2022<\/em><\/strong><\/figcaption><\/figure><\/div>\n\n\n<p><a href=\"https:\/\/www.facebook.com\/download\/467463391926164\/Resoluci%C3%B3n%20C.A.I.pdf?av=100000261522820&amp;eav=AfazGGifiMZjDRDHYxa8tgpeFo_RGVV5hzORvlqpgS5uujkoP0eWyBM0hzFkHHF3b5M&amp;paipv=0&amp;hash=AcpAx7di98_wdrKac5c&amp;__cft__[0]=AZW_MtoeSCnRdF_ywzyrqff6YsC9Z-3dnRCV4dZcFfeY-qobyleDoNxeTCtf97mlAwtFKEjkO6NCU7SARGdzA3RQXFmGwXWsvt3F2NFVsdOVN3OHEMBX-yDbqVGjWBhdHRyYjEK2Jvpnl6JUOiBQfattshJQsJ8yU-mTvMuTR48J3Q&amp;__tn__=H-R\"><\/a><\/p>\n\n\n\n<ul>\n<li><strong>Dejamos la resoluci\u00f3n 4044\/09 para su lectura y descarga:<\/strong><\/li>\n<\/ul>\n\n\n\n<div class=\"wp-block-file\"><object class=\"wp-block-file__embed\" data=\"https:\/\/isfd72-bue.infd.edu.ar\/sitio\/wp-content\/uploads\/2023\/01\/Resolucion-C.A.I.pdf\" type=\"application\/pdf\" style=\"width:100%;height:600px\" aria-label=\"Incrustado de Resolucion-C.A.I.\"><\/object><a id=\"wp-block-file--media-6d917474-68d1-4044-8bda-0e1f7bd8c78a\" href=\"https:\/\/isfd72-bue.infd.edu.ar\/sitio\/wp-content\/uploads\/2023\/01\/Resolucion-C.A.I.pdf\">Resolucion-C.A.I<\/a><a href=\"https:\/\/isfd72-bue.infd.edu.ar\/sitio\/wp-content\/uploads\/2023\/01\/Resolucion-C.A.I.pdf\" class=\"wp-block-file__button wp-element-button\" download aria-describedby=\"wp-block-file--media-6d917474-68d1-4044-8bda-0e1f7bd8c78a\">Descarga<\/a><\/div>\n","protected":false},"excerpt":{"rendered":"<p>El Instituto cuenta con un Consejo Acad\u00e9mico Institucional (C.A.I.) El Consejo Acad\u00e9mico Institucional (C.A.I) es un organismo en el que todos los claustros (docentes, estudiantes, auxiliares) tienen participaci\u00f3n efectiva para mejorar el funcionamiento acad\u00e9mico de la instituci\u00f3n. En este sentido, es necesaria la participaci\u00f3n y las voces de todos. Se trata de una oportunidad para &#8230; <a title=\"Consejo Acad\u00e9mico Institucional\" class=\"read-more\" href=\"https:\/\/isfd72-bue.infd.edu.ar\/sitio\/blog\/consejo-academico-institucional\/\" aria-label=\"More on Consejo Acad\u00e9mico Institucional\">[+]<\/a><\/p>\n","protected":false},"author":802,"featured_media":0,"parent":298,"menu_order":3,"comment_status":"closed","ping_status":"closed","template":"","meta":[],"acf":[],"_links":{"self":[{"href":"https:\/\/isfd72-bue.infd.edu.ar\/sitio\/wp-json\/wp\/v2\/pages\/1005"}],"collection":[{"href":"https:\/\/isfd72-bue.infd.edu.ar\/sitio\/wp-json\/wp\/v2\/pages"}],"about":[{"href":"https:\/\/isfd72-bue.infd.edu.ar\/sitio\/wp-json\/wp\/v2\/types\/page"}],"author":[{"embeddable":true,"href":"https:\/\/isfd72-bue.infd.edu.ar\/sitio\/wp-json\/wp\/v2\/users\/802"}],"replies":[{"embeddable":true,"href":"https:\/\/isfd72-bue.infd.edu.ar\/sitio\/wp-json\/wp\/v2\/comments?post=1005"}],"version-history":[{"count":2,"href":"https:\/\/isfd72-bue.infd.edu.ar\/sitio\/wp-json\/wp\/v2\/pages\/1005\/revisions"}],"predecessor-version":[{"id":1076,"href":"https:\/\/isfd72-bue.infd.edu.ar\/sitio\/wp-json\/wp\/v2\/pages\/1005\/revisions\/1076"}],"up":[{"embeddable":true,"href":"https:\/\/isfd72-bue.infd.edu.ar\/sitio\/wp-json\/wp\/v2\/pages\/298"}],"wp:attachment":[{"href":"https:\/\/isfd72-bue.infd.edu.ar\/sitio\/wp-json\/wp\/v2\/media?parent=1005"}],"curies":[{"name":"wp","href":"https:\/\/api.w.org\/{rel}","templated":true}]}}